{"id":8,"date":"2026-03-31T16:02:55","date_gmt":"2026-03-31T14:02:55","guid":{"rendered":"http:\/\/192.168.1.5:8942\/front_page\/"},"modified":"2026-04-11T15:23:16","modified_gmt":"2026-04-11T13:23:16","slug":"front_page","status":"publish","type":"page","link":"https:\/\/www.architekt-hoppermann.de\/","title":{"rendered":"Startseite"},"content":{"rendered":"\n\n\n\n\n<p><\/p>\n\n\n\n<p style=\"padding-top:var(--wp--preset--spacing--50);padding-right:var(--wp--preset--spacing--60);padding-bottom:var(--wp--preset--spacing--50);padding-left:var(--wp--preset--spacing--60);font-size:1.2em;letter-spacing:1px\">Teilnahme an dem Einladungswettbewerb f\u00fcr den Neubau eines Veranstaltungsgeb\u00e4udes f\u00fcr die&nbsp;\u00c4rztekammer-Westfalen-Lippe in 2019.  \u200b  <br><br>Der Wettbewerbsbeitrag sieht verschiedene Nutzungseinheiten f\u00fcr Pr\u00fcfungen, Sitzungen, Tagungen und Gro\u00dfveranstaltungen in einem repr\u00e4sentativen Veranstaltungsgeb\u00e4ude vor. Es ist ein eigenst\u00e4ndiger Bauk\u00f6rper geplant, eine Skulptur, die auf einem Sockel steht. Mit der Leichtigkeit der 3 Obergeschosse durch die vorgeh\u00e4ngte, geschoss\u00fcbergreifende Lamellenkonstruktion (S\u00e4ulen) wird das Objekt als einheitlicher K\u00f6rper wahrgenommen. Die zur\u00fcckspringenden horizontalen Elemente gliedern das Geb\u00e4ude und schaffen die Ma\u00dfst\u00e4blichkeit.<\/p>\n\n\n\n\n\n<p><\/p>\n\n\n\n\n\n\n","protected":false},"excerpt":{"rendered":"<p>Teilnahme an dem Einladungswettbewerb f\u00fcr den Neubau eines Veranstaltungsgeb\u00e4udes f\u00fcr die&nbsp;\u00c4rztekammer-Westfalen-Lippe in 2019. \u200b Der Wettbewerbsbeitrag sieht verschiedene Nutzungseinheiten f\u00fcr Pr\u00fcfungen, Sitzungen, Tagungen und Gro\u00dfveranstaltungen in einem repr\u00e4sentativen Veranstaltungsgeb\u00e4ude vor. Es ist ein eigenst\u00e4ndiger Bauk\u00f6rper geplant, eine Skulptur, die auf einem Sockel steht. Mit der Leichtigkeit der 3 Obergeschosse durch die vorgeh\u00e4ngte, geschoss\u00fcbergreifende Lamellenkonstruktion (S\u00e4ulen) [&hellip;]<\/p>\n","protected":false},"author":1,"featured_media":0,"parent":0,"menu_order":0,"comment_status":"closed","ping_status":"closed","template":"","meta":{"saved_in_kubio":true,"footnotes":""},"class_list":["post-8","page","type-page","status-publish","hentry"],"kubio_ai_page_context":{"short_desc":"","purpose":"general"},"_links":{"self":[{"href":"https:\/\/www.architekt-hoppermann.de\/index.php?rest_route=\/wp\/v2\/pages\/8","targetHints":{"allow":["GET"]}}],"collection":[{"href":"https:\/\/www.architekt-hoppermann.de\/index.php?rest_route=\/wp\/v2\/pages"}],"about":[{"href":"https:\/\/www.architekt-hoppermann.de\/index.php?rest_route=\/wp\/v2\/types\/page"}],"author":[{"embeddable":true,"href":"https:\/\/www.architekt-hoppermann.de\/index.php?rest_route=\/wp\/v2\/users\/1"}],"replies":[{"embeddable":true,"href":"https:\/\/www.architekt-hoppermann.de\/index.php?rest_route=%2Fwp%2Fv2%2Fcomments&post=8"}],"version-history":[{"count":12,"href":"https:\/\/www.architekt-hoppermann.de\/index.php?rest_route=\/wp\/v2\/pages\/8\/revisions"}],"predecessor-version":[{"id":213,"href":"https:\/\/www.architekt-hoppermann.de\/index.php?rest_route=\/wp\/v2\/pages\/8\/revisions\/213"}],"wp:attachment":[{"href":"https:\/\/www.architekt-hoppermann.de\/index.php?rest_route=%2Fwp%2Fv2%2Fmedia&parent=8"}],"curies":[{"name":"wp","href":"https:\/\/api.w.org\/{rel}","templated":true}]}}